{"id":18,"date":"2024-05-24T02:17:10","date_gmt":"2024-05-24T02:17:10","guid":{"rendered":"https:\/\/gaviaspreview.com\/wp\/wellearn\/?page_id=18"},"modified":"2026-01-23T14:51:39","modified_gmt":"2026-01-23T14:51:39","slug":"contact","status":"publish","type":"page","link":"https:\/\/integratedlearning.co\/es\/contact\/","title":{"rendered":"Cont\u00e1ctenos"},"content":{"rendered":"<div data-elementor-type=\"wp-page\" data-elementor-id=\"18\" class=\"elementor elementor-18\" data-elementor-post-type=\"page\">\n\t\t\t\t<div class=\"elementor-element elementor-element-f4796b4 e-flex e-con-boxed e-con e-parent\" data-id=\"f4796b4\" data-element_type=\"container\">\n\t\t\t\t\t<div class=\"e-con-inner\">\n\t\t<div class=\"elementor-element elementor-element-62a39cf e-con-full e-flex e-con e-child\" data-id=\"62a39cf\" data-element_type=\"container\">\n\t\t\t\t<div class=\"elementor-element elementor-element-fe810b9 elementor-widget elementor-widget-gva-heading-block\" data-id=\"fe810b9\" data-element_type=\"widget\" data-widget_type=\"gva-heading-block.default\">\n\t\t\t\t<div class=\"elementor-widget-container\">\n\t\t\t\t\t<div class=\"gva-element-gva-heading-block gva-element\">   <div class=\"align-left style-1 widget gsc-heading box-align-left auto-responsive\">\r\n      <div class=\"content-inner\">\r\n         \r\n                  \r\n         <div class=\"sub-title sub-3\"><span class=\"tagline\">\u00bfNecesita ayuda?<\/span><\/div>  \r\n         \r\n                     <h2 class=\"title\">\r\n               <span><em>Cont\u00e1ctenos<\/em> Aqu\u00ed<\/span>\r\n            <\/h2>\r\n                  \r\n                     <div class=\"title-desc\">Estamos aqu\u00ed para ayudarle. Si tiene alguna pregunta sobre nuestros programas o necesita m\u00e1s informaci\u00f3n, no dude en ponerse en contacto con nosotros. Nuestro equipo estar\u00e1 encantado de ayudarle y guiarle en cada paso del proceso.<\/div>\r\n         \r\n         \r\n      <\/div>\r\n   <\/div>\r\n<\/div>\t\t\t\t<\/div>\n\t\t\t\t<\/div>\n\t\t<div class=\"elementor-element elementor-element-2b273d1 e-con-full e-flex e-con e-child\" data-id=\"2b273d1\" data-element_type=\"container\">\n\t\t\t\t<div class=\"elementor-element elementor-element-3e91f83 elementor-view-stacked elementor-widget__width-initial elementor-shape-circle elementor-position-block-start elementor-mobile-position-block-start elementor-widget elementor-widget-icon-box\" data-id=\"3e91f83\" data-element_type=\"widget\" data-widget_type=\"icon-box.default\">\n\t\t\t\t<div class=\"elementor-widget-container\">\n\t\t\t\t\t\t\t<div class=\"elementor-icon-box-wrapper\">\n\n\t\t\t\t\t\t<div class=\"elementor-icon-box-icon\">\n\t\t\t\t<span  class=\"elementor-icon\">\n\t\t\t\t<i aria-hidden=\"true\" class=\"wicon-placeholder\"><\/i>\t\t\t\t<\/span>\n\t\t\t<\/div>\n\t\t\t\n\t\t\t\t\t\t<div class=\"elementor-icon-box-content\">\n\n\t\t\t\t\t\t\t\t\t<h3 class=\"elementor-icon-box-title\">\n\t\t\t\t\t\t<span  >\n\t\t\t\t\t\t\tUbicaciones\t\t\t\t\t\t<\/span>\n\t\t\t\t\t<\/h3>\n\t\t\t\t\n\t\t\t\t\t\t\t\t\t<p class=\"elementor-icon-box-description\">\n\t\t\t\t\t\tCra. 45 #108a - 50 Piso 6\nBOGOT\u00c1-COLOMBIA\t\t\t\t\t<\/p>\n\t\t\t\t\n\t\t\t<\/div>\n\t\t\t\n\t\t<\/div>\n\t\t\t\t\t\t<\/div>\n\t\t\t\t<\/div>\n\t\t\t\t<div class=\"elementor-element elementor-element-630fd66 elementor-view-stacked elementor-widget__width-initial elementor-shape-circle elementor-position-block-start elementor-mobile-position-block-start elementor-widget elementor-widget-icon-box\" data-id=\"630fd66\" data-element_type=\"widget\" data-widget_type=\"icon-box.default\">\n\t\t\t\t<div class=\"elementor-widget-container\">\n\t\t\t\t\t\t\t<div class=\"elementor-icon-box-wrapper\">\n\n\t\t\t\t\t\t<div class=\"elementor-icon-box-icon\">\n\t\t\t\t<a href=\"mailto:info@integratedlearning.com.co\" class=\"elementor-icon\" tabindex=\"-1\" aria-label=\"Correo electr\u00f3nico\">\n\t\t\t\t<i aria-hidden=\"true\" class=\"wicon-email-2\"><\/i>\t\t\t\t<\/a>\n\t\t\t<\/div>\n\t\t\t\n\t\t\t\t\t\t<div class=\"elementor-icon-box-content\">\n\n\t\t\t\t\t\t\t\t\t<h3 class=\"elementor-icon-box-title\">\n\t\t\t\t\t\t<a href=\"mailto:info@integratedlearning.com.co\" >\n\t\t\t\t\t\t\tCorreo electr\u00f3nico\t\t\t\t\t\t<\/a>\n\t\t\t\t\t<\/h3>\n\t\t\t\t\n\t\t\t\t\t\t\t\t\t<p class=\"elementor-icon-box-description\">\n\t\t\t\t\t\tinfo@integratedlearning.com.co\t\t\t\t\t<\/p>\n\t\t\t\t\n\t\t\t<\/div>\n\t\t\t\n\t\t<\/div>\n\t\t\t\t\t\t<\/div>\n\t\t\t\t<\/div>\n\t\t\t\t<div class=\"elementor-element elementor-element-4b57d54 elementor-view-stacked elementor-widget__width-initial elementor-shape-circle elementor-position-block-start elementor-mobile-position-block-start elementor-widget elementor-widget-icon-box\" data-id=\"4b57d54\" data-element_type=\"widget\" data-widget_type=\"icon-box.default\">\n\t\t\t\t<div class=\"elementor-widget-container\">\n\t\t\t\t\t\t\t<div class=\"elementor-icon-box-wrapper\">\n\n\t\t\t\t\t\t<div class=\"elementor-icon-box-icon\">\n\t\t\t\t<span  class=\"elementor-icon\">\n\t\t\t\t<i aria-hidden=\"true\" class=\"wicon-phone-call\"><\/i>\t\t\t\t<\/span>\n\t\t\t<\/div>\n\t\t\t\n\t\t\t\t\t\t<div class=\"elementor-icon-box-content\">\n\n\t\t\t\t\t\t\t\t\t<h3 class=\"elementor-icon-box-title\">\n\t\t\t\t\t\t<span  >\n\t\t\t\t\t\t\tL\u00edneas directas\t\t\t\t\t\t<\/span>\n\t\t\t\t\t<\/h3>\n\t\t\t\t\n\t\t\t\t\t\t\t\t\t<p class=\"elementor-icon-box-description\">\n\t\t\t\t\t\t+57  312 3979893 <\/br>\n(+571) 6582649\n\t\t\t\t\t<\/p>\n\t\t\t\t\n\t\t\t<\/div>\n\t\t\t\n\t\t<\/div>\n\t\t\t\t\t\t<\/div>\n\t\t\t\t<\/div>\n\t\t\t\t<\/div>\n\t\t\t\t<\/div>\n\t\t<div class=\"elementor-element elementor-element-1108f7c e-con-full e-flex e-con e-child\" data-id=\"1108f7c\" data-element_type=\"container\">\n\t\t\t\t<div class=\"elementor-element elementor-element-4e7d392 elementor-widget elementor-widget-image\" data-id=\"4e7d392\" data-element_type=\"widget\" data-widget_type=\"image.default\">\n\t\t\t\t<div class=\"elementor-widget-container\">\n\t\t\t\t\t\t\t\t\t\t\t\t\t\t\t<img fetchpriority=\"high\" decoding=\"async\" width=\"413\" height=\"667\" src=\"https:\/\/integratedlearning.co\/wp-content\/uploads\/2025\/01\/image-28.webp\" class=\"attachment-full size-full wp-image-2299\" alt=\"\" srcset=\"https:\/\/integratedlearning.co\/wp-content\/uploads\/2025\/01\/image-28.webp 413w, https:\/\/integratedlearning.co\/wp-content\/uploads\/2025\/01\/image-28-7x12.webp 7w\" sizes=\"(max-width: 413px) 100vw, 413px\" \/>\t\t\t\t\t\t\t\t\t\t\t\t\t\t\t<\/div>\n\t\t\t\t<\/div>\n\t\t\t\t<\/div>\n\t\t\t\t\t<\/div>\n\t\t\t\t<\/div>\n\t\t<div class=\"elementor-element elementor-element-d5368d0 e-con-full e-flex e-con e-parent\" data-id=\"d5368d0\" data-element_type=\"container\">\n\t\t<div class=\"elementor-element elementor-element-61df70e e-con-full e-flex e-con e-child\" data-id=\"61df70e\" data-element_type=\"container\">\n\t\t\t\t<div class=\"elementor-element elementor-element-22509bc elementor-widget elementor-widget-text-editor\" data-id=\"22509bc\" data-element_type=\"widget\" data-widget_type=\"text-editor.default\">\n\t\t\t\t<div class=\"elementor-widget-container\">\n\t\t\t\t\t\t\t\t\t<p>CONTACT<\/p>\t\t\t\t\t\t\t\t<\/div>\n\t\t\t\t<\/div>\n\t\t\t\t<\/div>\n\t\t\t\t<\/div>\n\t\t<div class=\"elementor-element elementor-element-9352e72 e-flex e-con-boxed e-con e-parent\" data-id=\"9352e72\" data-element_type=\"container\">\n\t\t\t\t\t<div class=\"e-con-inner\">\n\t\t<div class=\"elementor-element elementor-element-c0262b7 e-con-full e-flex e-con e-child\" data-id=\"c0262b7\" data-element_type=\"container\">\n\t\t<div class=\"elementor-element elementor-element-fa3dd39 e-con-full e-flex e-con e-child\" data-id=\"fa3dd39\" data-element_type=\"container\" data-settings=\"{&quot;background_background&quot;:&quot;classic&quot;}\">\n\t\t\t\t<div class=\"elementor-element elementor-element-c42632e elementor-widget elementor-widget-gva-heading-block\" data-id=\"c42632e\" data-element_type=\"widget\" data-widget_type=\"gva-heading-block.default\">\n\t\t\t\t<div class=\"elementor-widget-container\">\n\t\t\t\t\t<div class=\"gva-element-gva-heading-block gva-element\">   <div class=\"align-center style-1 widget gsc-heading box-align-left auto-responsive\">\r\n      <div class=\"content-inner\">\r\n         \r\n                  \r\n           \r\n         \r\n                     <h2 class=\"title\">\r\n               <span>\u00bfTiene alguna pregunta? Env\u00edenos un <em>Mensaje<\/em><\/span>\r\n            <\/h2>\r\n                  \r\n                     <div class=\"title-desc\">Si desea m\u00e1s informaci\u00f3n sobre nuestros programas, diligencie el formulario de contacto y pronto nos pondremos en contacto con usted.<\/div>\r\n         \r\n         \r\n      <\/div>\r\n   <\/div>\r\n<\/div>\t\t\t\t<\/div>\n\t\t\t\t<\/div>\n\t\t\t\t<div class=\"elementor-element elementor-element-57cf7be elementor-widget elementor-widget-hubspot-form\" data-id=\"57cf7be\" data-element_type=\"widget\" data-widget_type=\"hubspot-form.default\">\n\t\t\t\t<div class=\"elementor-widget-container\">\n\t\t\t\t\t\n\t\t\t<div\n\t\t\tclass=\"hs-form-frame\"\n\t\t\tdata-region=\"na1\"\n\t\t\tdata-form-id=\"dd144724-3167-4fbe-989d-c5a82e61b07e\"\n\t\t\tdata-portal-id=\"50917602\"\n\t\t\t >\n\t\t\t<\/div>\n\t\t\t\t\t\t\t<\/div>\n\t\t\t\t<\/div>\n\t\t\t\t<\/div>\n\t\t\t\t<\/div>\n\t\t\t\t\t<\/div>\n\t\t\t\t<\/div>\n\t\t<div class=\"elementor-element elementor-element-dc9c22b e-con-full e-flex e-con e-parent\" data-id=\"dc9c22b\" data-element_type=\"container\">\n\t\t<div class=\"elementor-element elementor-element-fd3f82b e-con-full e-flex e-con e-child\" data-id=\"fd3f82b\" data-element_type=\"container\">\n\t\t\t\t<div class=\"elementor-element elementor-element-bdc0385 elementor-widget elementor-widget-google_maps\" data-id=\"bdc0385\" data-element_type=\"widget\" data-widget_type=\"google_maps.default\">\n\t\t\t\t<div class=\"elementor-widget-container\">\n\t\t\t\t\t\t\t<div class=\"elementor-custom-embed\">\n\t\t\t<iframe loading=\"lazy\"\n\t\t\t\t\tsrc=\"https:\/\/maps.google.com\/maps?q=Cra.%2045%20%23108a%20-%2050%20Piso%206&#038;t=m&#038;z=14&#038;output=embed&#038;iwloc=near\"\n\t\t\t\t\ttitle=\"Cra. 45 #108a - 50 Piso 6\"\n\t\t\t\t\taria-label=\"Cra. 45 #108a - 50 Piso 6\"\n\t\t\t><\/iframe>\n\t\t<\/div>\n\t\t\t\t\t\t<\/div>\n\t\t\t\t<\/div>\n\t\t\t\t<\/div>\n\t\t\t\t<\/div>\n\t\t<div class=\"elementor-element elementor-element-32a5fb3 e-flex e-con-boxed e-con e-parent\" data-id=\"32a5fb3\" data-element_type=\"container\">\n\t\t\t\t\t<div class=\"e-con-inner\">\n\t\t<div class=\"elementor-element elementor-element-67ac41f e-con-full e-flex e-con e-child\" data-id=\"67ac41f\" data-element_type=\"container\">\n\t\t<div class=\"elementor-element elementor-element-3af2ded e-flex e-con-boxed e-con e-child\" data-id=\"3af2ded\" data-element_type=\"container\" data-settings=\"{&quot;background_background&quot;:&quot;classic&quot;}\">\n\t\t\t\t\t<div class=\"e-con-inner\">\n\t\t\t\t<div class=\"elementor-element elementor-element-0eac36a elementor-widget elementor-widget-gva-video-box\" data-id=\"0eac36a\" data-element_type=\"widget\" data-widget_type=\"gva-video-box.default\">\n\t\t\t\t<div class=\"elementor-widget-container\">\n\t\t\t\t\t<div class=\"gva-element-gva-video-box gva-element\">\r\n   \r\n            <div class=\"video-three__single\">\r\n         <div class=\"video-three__inner\">\r\n               \r\n            <div class=\"video-three__content\">\r\n               <div class=\"video-three__action\">\r\n                  <a href=\"https:\/\/www.youtube.com\/watch?v=5J3trvFLkF0\" class=\"popup-video\"><i class=\"fa fa-play\"><\/i><\/a>  \r\n               <\/div>   \r\n            <\/div>    \r\n         <\/div>\r\n      <\/div> \r\n        \r\n<\/div>\t\t\t\t<\/div>\n\t\t\t\t<\/div>\n\t\t\t\t\t<\/div>\n\t\t\t\t<\/div>\n\t\t\t\t<\/div>\n\t\t<div class=\"elementor-element elementor-element-3d13281 e-con-full e-flex e-con e-child\" data-id=\"3d13281\" data-element_type=\"container\" data-settings=\"{&quot;background_background&quot;:&quot;classic&quot;}\">\n\t\t\t\t<div class=\"elementor-element elementor-element-05ebe66 elementor-widget elementor-widget-gva-heading-block\" data-id=\"05ebe66\" data-element_type=\"widget\" data-widget_type=\"gva-heading-block.default\">\n\t\t\t\t<div class=\"elementor-widget-container\">\n\t\t\t\t\t<div class=\"gva-element-gva-heading-block gva-element\">   <div class=\"align-left style-1 widget gsc-heading box-align-left auto-responsive\">\r\n      <div class=\"content-inner\">\r\n         \r\n                  \r\n         <div class=\"sub-title sub-1\"><span class=\"tagline\">Boletines<\/span><\/div>  \r\n         \r\n                     <h2 class=\"title\">\r\n               <span>Reciba nuestras notificaciones<\/span>\r\n            <\/h2>\r\n                  \r\n         \r\n         \r\n      <\/div>\r\n   <\/div>\r\n<\/div>\t\t\t\t<\/div>\n\t\t\t\t<\/div>\n\t\t\t\t<div class=\"elementor-element elementor-element-8224e83 elementor-icon-list--layout-inline elementor-list-item-link-full_width elementor-widget elementor-widget-icon-list\" data-id=\"8224e83\" data-element_type=\"widget\" data-widget_type=\"icon-list.default\">\n\t\t\t\t<div class=\"elementor-widget-container\">\n\t\t\t\t\t\t\t<ul class=\"elementor-icon-list-items elementor-inline-items\">\n\t\t\t\t\t\t\t<li class=\"elementor-icon-list-item elementor-inline-item\">\n\t\t\t\t\t\t\t\t\t\t\t<span class=\"elementor-icon-list-icon\">\n\t\t\t\t\t\t\t<i aria-hidden=\"true\" class=\"fas fa-check-circle\"><\/i>\t\t\t\t\t\t<\/span>\n\t\t\t\t\t\t\t\t\t\t<span class=\"elementor-icon-list-text\">Actualizaciones mensuales<\/span>\n\t\t\t\t\t\t\t\t\t<\/li>\n\t\t\t\t\t\t\t\t<li class=\"elementor-icon-list-item elementor-inline-item\">\n\t\t\t\t\t\t\t\t\t\t\t<span class=\"elementor-icon-list-icon\">\n\t\t\t\t\t\t\t<i aria-hidden=\"true\" class=\"fas fa-check-circle\"><\/i>\t\t\t\t\t\t<\/span>\n\t\t\t\t\t\t\t\t\t\t<span class=\"elementor-icon-list-text\">Actualizaciones peri\u00f3dicas<\/span>\n\t\t\t\t\t\t\t\t\t<\/li>\n\t\t\t\t\t\t<\/ul>\n\t\t\t\t\t\t<\/div>\n\t\t\t\t<\/div>\n\t\t\t\t<div class=\"elementor-element elementor-element-5efb21c elementor-widget elementor-widget-hubspot-form\" data-id=\"5efb21c\" data-element_type=\"widget\" data-widget_type=\"hubspot-form.default\">\n\t\t\t\t<div class=\"elementor-widget-container\">\n\t\t\t\t\t\n\t\t\t\t\t\t<script>\n\t\t\t\t\t\t\twindow.hsFormsOnReady = window.hsFormsOnReady || [];\n\t\t\t\t\t\t\twindow.hsFormsOnReady.push(()=>{\n\t\t\t\t\t\t\t\thbspt.forms.create({\n\t\t\t\t\t\t\t\t\tportalId: 50917602,\n\t\t\t\t\t\t\t\t\tformId: \"899a84e3-2925-4a6f-bb29-7d116e6dc99a\",\n\t\t\t\t\t\t\t\t\ttarget: \"#hbspt-form-1776331940000-0585055295\",\n\t\t\t\t\t\t\t\t\tregion: \"na1\",\n\t\t\t\t\t\t\t\t\t\n\t\t\t\t\t\t\t})});\n\t\t\t\t\t\t<\/script>\n\t\t\t\t\t\t<div class=\"hbspt-form\" id=\"hbspt-form-1776331940000-0585055295\"><\/div>\t\t\t\t<\/div>\n\t\t\t\t<\/div>\n\t\t\t\t<\/div>\n\t\t\t\t\t<\/div>\n\t\t\t\t<\/div>\n\t\t\t\t<\/div>","protected":false},"excerpt":{"rendered":"<p>Need Any Help? Contact Us We&rsquo;re here to help. If you have any questions about our programs or need more information, feel free to contact us. Our team will be happy to assist you and guide you through every step of the process. Locations Cra. 45 #108a &#8211; 50 Piso 6 BOGOT\u00c1-COLOMBIA Email Us info@integratedlearning.com.co [&hellip;]<\/p>","protected":false},"author":1,"featured_media":0,"parent":0,"menu_order":0,"comment_status":"closed","ping_status":"closed","template":"","meta":{"content-type":"","footnotes":""},"class_list":["post-18","page","type-page","status-publish","hentry"],"yoast_head":"<!-- This site is optimized with the Yoast SEO plugin v26.8 - https:\/\/yoast.com\/product\/yoast-seo-wordpress\/ -->\n<title>Contact - Integrated Learning<\/title>\n<meta name=\"robots\" content=\"index, follow, max-snippet:-1, max-image-preview:large, max-video-preview:-1\" \/>\n<link rel=\"canonical\" href=\"https:\/\/integratedlearning.co\/es\/contact\/\" \/>\n<meta property=\"og:locale\" content=\"es_ES\" \/>\n<meta property=\"og:type\" content=\"article\" \/>\n<meta property=\"og:title\" content=\"Contact - Integrated Learning\" \/>\n<meta property=\"og:description\" content=\"Need Any Help? Contact Us We&rsquo;re here to help. If you have any questions about our programs or need more information, feel free to contact us. Our team will be happy to assist you and guide you through every step of the process. Locations Cra. 45 #108a &#8211; 50 Piso 6 BOGOT\u00c1-COLOMBIA Email Us info@integratedlearning.com.co [&hellip;]\" \/>\n<meta property=\"og:url\" content=\"https:\/\/integratedlearning.co\/es\/contact\/\" \/>\n<meta property=\"og:site_name\" content=\"Integrated Learning\" \/>\n<meta property=\"article:publisher\" content=\"https:\/\/www.facebook.com\/people\/Integrated-Learning\/100063964512559\/\" \/>\n<meta property=\"article:modified_time\" content=\"2026-01-23T14:51:39+00:00\" \/>\n<meta property=\"og:image\" content=\"https:\/\/integratedlearning.co\/wp-content\/uploads\/2025\/01\/image-28.webp\" \/>\n\t<meta property=\"og:image:width\" content=\"413\" \/>\n\t<meta property=\"og:image:height\" content=\"667\" \/>\n\t<meta property=\"og:image:type\" content=\"image\/webp\" \/>\n<meta name=\"twitter:card\" content=\"summary_large_image\" \/>\n<meta name=\"twitter:label1\" content=\"Tiempo de lectura\" \/>\n\t<meta name=\"twitter:data1\" content=\"1 minuto\" \/>\n<script type=\"application\/ld+json\" class=\"yoast-schema-graph\">{\"@context\":\"https:\/\/schema.org\",\"@graph\":[{\"@type\":\"WebPage\",\"@id\":\"https:\/\/integratedlearning.co\/contact\/\",\"url\":\"https:\/\/integratedlearning.co\/contact\/\",\"name\":\"Contact - Integrated Learning\",\"isPartOf\":{\"@id\":\"https:\/\/integratedlearning.co\/#website\"},\"primaryImageOfPage\":{\"@id\":\"https:\/\/integratedlearning.co\/contact\/#primaryimage\"},\"image\":{\"@id\":\"https:\/\/integratedlearning.co\/contact\/#primaryimage\"},\"thumbnailUrl\":\"https:\/\/integratedlearning.co\/wp-content\/uploads\/2025\/01\/image-28.webp\",\"datePublished\":\"2024-05-24T02:17:10+00:00\",\"dateModified\":\"2026-01-23T14:51:39+00:00\",\"breadcrumb\":{\"@id\":\"https:\/\/integratedlearning.co\/contact\/#breadcrumb\"},\"inLanguage\":\"es-CO\",\"potentialAction\":[{\"@type\":\"ReadAction\",\"target\":[\"https:\/\/integratedlearning.co\/contact\/\"]}]},{\"@type\":\"ImageObject\",\"inLanguage\":\"es-CO\",\"@id\":\"https:\/\/integratedlearning.co\/contact\/#primaryimage\",\"url\":\"https:\/\/integratedlearning.co\/wp-content\/uploads\/2025\/01\/image-28.webp\",\"contentUrl\":\"https:\/\/integratedlearning.co\/wp-content\/uploads\/2025\/01\/image-28.webp\"},{\"@type\":\"BreadcrumbList\",\"@id\":\"https:\/\/integratedlearning.co\/contact\/#breadcrumb\",\"itemListElement\":[{\"@type\":\"ListItem\",\"position\":1,\"name\":\"Inicio\",\"item\":\"https:\/\/integratedlearning.co\/\"},{\"@type\":\"ListItem\",\"position\":2,\"name\":\"Contact\"}]},{\"@type\":\"WebSite\",\"@id\":\"https:\/\/integratedlearning.co\/#website\",\"url\":\"https:\/\/integratedlearning.co\/\",\"name\":\"Integrated Learning\",\"description\":\"Integrated Learning\",\"publisher\":{\"@id\":\"https:\/\/integratedlearning.co\/#organization\"},\"potentialAction\":[{\"@type\":\"SearchAction\",\"target\":{\"@type\":\"EntryPoint\",\"urlTemplate\":\"https:\/\/integratedlearning.co\/?s={search_term_string}\"},\"query-input\":{\"@type\":\"PropertyValueSpecification\",\"valueRequired\":true,\"valueName\":\"search_term_string\"}}],\"inLanguage\":\"es-CO\"},{\"@type\":\"Organization\",\"@id\":\"https:\/\/integratedlearning.co\/#organization\",\"name\":\"Integrated Learning\",\"url\":\"https:\/\/integratedlearning.co\/\",\"logo\":{\"@type\":\"ImageObject\",\"inLanguage\":\"es-CO\",\"@id\":\"https:\/\/integratedlearning.co\/#\/schema\/logo\/image\/\",\"url\":\"http:\/\/integratedlearning.co\/wp-content\/uploads\/2024\/12\/Logo-Integrated-learning-.png\",\"contentUrl\":\"http:\/\/integratedlearning.co\/wp-content\/uploads\/2024\/12\/Logo-Integrated-learning-.png\",\"width\":724,\"height\":250,\"caption\":\"Integrated Learning\"},\"image\":{\"@id\":\"https:\/\/integratedlearning.co\/#\/schema\/logo\/image\/\"},\"sameAs\":[\"https:\/\/www.facebook.com\/people\/Integrated-Learning\/100063964512559\/\"]}]}<\/script>\n<!-- \/ Yoast SEO plugin. -->","yoast_head_json":{"title":"Contact - Integrated Learning","robots":{"index":"index","follow":"follow","max-snippet":"max-snippet:-1","max-image-preview":"max-image-preview:large","max-video-preview":"max-video-preview:-1"},"canonical":"https:\/\/integratedlearning.co\/es\/contact\/","og_locale":"es_ES","og_type":"article","og_title":"Contact - Integrated Learning","og_description":"Need Any Help? Contact Us We&rsquo;re here to help. If you have any questions about our programs or need more information, feel free to contact us. Our team will be happy to assist you and guide you through every step of the process. Locations Cra. 45 #108a &#8211; 50 Piso 6 BOGOT\u00c1-COLOMBIA Email Us info@integratedlearning.com.co [&hellip;]","og_url":"https:\/\/integratedlearning.co\/es\/contact\/","og_site_name":"Integrated Learning","article_publisher":"https:\/\/www.facebook.com\/people\/Integrated-Learning\/100063964512559\/","article_modified_time":"2026-01-23T14:51:39+00:00","og_image":[{"width":413,"height":667,"url":"https:\/\/integratedlearning.co\/wp-content\/uploads\/2025\/01\/image-28.webp","type":"image\/webp"}],"twitter_card":"summary_large_image","twitter_misc":{"Tiempo de lectura":"1 minuto"},"schema":{"@context":"https:\/\/schema.org","@graph":[{"@type":"WebPage","@id":"https:\/\/integratedlearning.co\/contact\/","url":"https:\/\/integratedlearning.co\/contact\/","name":"Contact - Integrated Learning","isPartOf":{"@id":"https:\/\/integratedlearning.co\/#website"},"primaryImageOfPage":{"@id":"https:\/\/integratedlearning.co\/contact\/#primaryimage"},"image":{"@id":"https:\/\/integratedlearning.co\/contact\/#primaryimage"},"thumbnailUrl":"https:\/\/integratedlearning.co\/wp-content\/uploads\/2025\/01\/image-28.webp","datePublished":"2024-05-24T02:17:10+00:00","dateModified":"2026-01-23T14:51:39+00:00","breadcrumb":{"@id":"https:\/\/integratedlearning.co\/contact\/#breadcrumb"},"inLanguage":"es-CO","potentialAction":[{"@type":"ReadAction","target":["https:\/\/integratedlearning.co\/contact\/"]}]},{"@type":"ImageObject","inLanguage":"es-CO","@id":"https:\/\/integratedlearning.co\/contact\/#primaryimage","url":"https:\/\/integratedlearning.co\/wp-content\/uploads\/2025\/01\/image-28.webp","contentUrl":"https:\/\/integratedlearning.co\/wp-content\/uploads\/2025\/01\/image-28.webp"},{"@type":"BreadcrumbList","@id":"https:\/\/integratedlearning.co\/contact\/#breadcrumb","itemListElement":[{"@type":"ListItem","position":1,"name":"Inicio","item":"https:\/\/integratedlearning.co\/"},{"@type":"ListItem","position":2,"name":"Contact"}]},{"@type":"WebSite","@id":"https:\/\/integratedlearning.co\/#website","url":"https:\/\/integratedlearning.co\/","name":"Integrated Learning","description":"Integrated Learning","publisher":{"@id":"https:\/\/integratedlearning.co\/#organization"},"potentialAction":[{"@type":"SearchAction","target":{"@type":"EntryPoint","urlTemplate":"https:\/\/integratedlearning.co\/?s={search_term_string}"},"query-input":{"@type":"PropertyValueSpecification","valueRequired":true,"valueName":"search_term_string"}}],"inLanguage":"es-CO"},{"@type":"Organization","@id":"https:\/\/integratedlearning.co\/#organization","name":"Integrated Learning","url":"https:\/\/integratedlearning.co\/","logo":{"@type":"ImageObject","inLanguage":"es-CO","@id":"https:\/\/integratedlearning.co\/#\/schema\/logo\/image\/","url":"http:\/\/integratedlearning.co\/wp-content\/uploads\/2024\/12\/Logo-Integrated-learning-.png","contentUrl":"http:\/\/integratedlearning.co\/wp-content\/uploads\/2024\/12\/Logo-Integrated-learning-.png","width":724,"height":250,"caption":"Integrated Learning"},"image":{"@id":"https:\/\/integratedlearning.co\/#\/schema\/logo\/image\/"},"sameAs":["https:\/\/www.facebook.com\/people\/Integrated-Learning\/100063964512559\/"]}]}},"_links":{"self":[{"href":"https:\/\/integratedlearning.co\/es\/wp-json\/wp\/v2\/pages\/18","targetHints":{"allow":["GET"]}}],"collection":[{"href":"https:\/\/integratedlearning.co\/es\/wp-json\/wp\/v2\/pages"}],"about":[{"href":"https:\/\/integratedlearning.co\/es\/wp-json\/wp\/v2\/types\/page"}],"author":[{"embeddable":true,"href":"https:\/\/integratedlearning.co\/es\/wp-json\/wp\/v2\/users\/1"}],"replies":[{"embeddable":true,"href":"https:\/\/integratedlearning.co\/es\/wp-json\/wp\/v2\/comments?post=18"}],"version-history":[{"count":103,"href":"https:\/\/integratedlearning.co\/es\/wp-json\/wp\/v2\/pages\/18\/revisions"}],"predecessor-version":[{"id":3201,"href":"https:\/\/integratedlearning.co\/es\/wp-json\/wp\/v2\/pages\/18\/revisions\/3201"}],"wp:attachment":[{"href":"https:\/\/integratedlearning.co\/es\/wp-json\/wp\/v2\/media?parent=18"}],"curies":[{"name":"wp","href":"https:\/\/api.w.org\/{rel}","templated":true}]}}