{"id":1182,"date":"2024-12-16T22:51:30","date_gmt":"2024-12-16T22:51:30","guid":{"rendered":"http:\/\/integratedlearning.co\/?page_id=1182"},"modified":"2026-01-23T14:37:13","modified_gmt":"2026-01-23T14:37:13","slug":"testimonials","status":"publish","type":"page","link":"https:\/\/integratedlearning.co\/es\/testimonials\/","title":{"rendered":"Testimonios"},"content":{"rendered":"<div data-elementor-type=\"wp-page\" data-elementor-id=\"1182\" class=\"elementor elementor-1182\" data-elementor-post-type=\"page\">\n\t\t\t\t<div class=\"elementor-element elementor-element-3d7eca40 e-flex e-con-boxed e-con e-parent\" data-id=\"3d7eca40\" data-element_type=\"container\" data-settings=\"{&quot;background_background&quot;:&quot;classic&quot;}\">\n\t\t\t\t\t<div class=\"e-con-inner\">\n\t\t<div class=\"elementor-element elementor-element-1cd8c602 e-con-full e-flex e-con e-child\" data-id=\"1cd8c602\" data-element_type=\"container\">\n\t\t\t\t<div class=\"elementor-element elementor-element-66e075d3 elementor-widget elementor-widget-gva-heading-block\" data-id=\"66e075d3\" data-element_type=\"widget\" data-widget_type=\"gva-heading-block.default\">\n\t\t\t\t<div class=\"elementor-widget-container\">\n\t\t\t\t\t<div class=\"gva-element-gva-heading-block gva-element\">   <div class=\"align-left style-1 widget gsc-heading box-align-left auto-responsive\">\r\n      <div class=\"content-inner\">\r\n         \r\n                  \r\n         <div class=\"sub-title sub-1\"><span class=\"tagline\">Testimonios<\/span><\/div>  \r\n         \r\n                     <h2 class=\"title\">\r\n               <span>Clientes satisfechos \n<\/span>\r\n            <\/h2>\r\n                  \r\n                     <div class=\"title-desc\">Explora los viajes de los estudiantes que han participado en nuestros diversos programas educativos, incluyendo el Programa de Diploma Dual de la Escuela Secundaria Internacional, el Programa AP, el Programa de Preparaci\u00f3n Profesional y Universitaria, y el Programa de Conceptos de Juego. Sus historias muestran notables logros acad\u00e9micos, crecimiento personal y exposici\u00f3n a nuevas oportunidades que han ampliado sus horizontes. Ya sea a trav\u00e9s de cursos rigurosos, la exposici\u00f3n global, o experiencias de aprendizaje pr\u00e1ctico, cada testimonio destaca c\u00f3mo estos programas allanan el camino para un futuro lleno de potencial y perspectivas interesantes.<\/div>\r\n         \r\n         \r\n      <\/div>\r\n   <\/div>\r\n<\/div>\t\t\t\t<\/div>\n\t\t\t\t<\/div>\n\t\t\t\t<div class=\"elementor-element elementor-element-72ead8b elementor-widget elementor-widget-gva-heading-block\" data-id=\"72ead8b\" data-element_type=\"widget\" data-widget_type=\"gva-heading-block.default\">\n\t\t\t\t<div class=\"elementor-widget-container\">\n\t\t\t\t\t<div class=\"gva-element-gva-heading-block gva-element\">   <div class=\"align-left style-1 widget gsc-heading box-align-left auto-responsive\">\r\n      <div class=\"content-inner\">\r\n         \r\n                  \r\n           \r\n         \r\n                     <h2 class=\"title\">\r\n               <span>D\u00e9cadas de experiencia galardonada <\/span>\r\n            <\/h2>\r\n                  \r\n                     <div class=\"title-desc\">transformar la educaci\u00f3n en l\u00ednea<\/div>\r\n         \r\n         \r\n      <\/div>\r\n   <\/div>\r\n<\/div>\t\t\t\t<\/div>\n\t\t\t\t<\/div>\n\t\t\t\t<\/div>\n\t\t<div class=\"elementor-element elementor-element-50e3d72a e-con-full e-flex e-con e-child\" data-id=\"50e3d72a\" data-element_type=\"container\">\n\t\t\t\t<div class=\"elementor-element elementor-element-8bf27e1 elementor-pagination-type-bullets elementor-arrows-position-inside elementor-pagination-position-outside elementor-widget elementor-widget-n-carousel\" data-id=\"8bf27e1\" data-element_type=\"widget\" data-settings=\"{&quot;carousel_items&quot;:[{&quot;_id&quot;:&quot;d932513&quot;,&quot;slide_title&quot;:&quot;Slide #1&quot;},{&quot;slide_title&quot;:&quot;Slide #1&quot;,&quot;_id&quot;:&quot;61db99c&quot;},{&quot;slide_title&quot;:&quot;Slide #1A&quot;,&quot;_id&quot;:&quot;4bbe76a&quot;},{&quot;_id&quot;:&quot;7c0881f&quot;,&quot;slide_title&quot;:&quot;Slide #2&quot;},{&quot;_id&quot;:&quot;61fda2f&quot;,&quot;slide_title&quot;:&quot;Slide #3&quot;}],&quot;slides_to_show_tablet&quot;:&quot;2&quot;,&quot;slides_to_show_mobile&quot;:&quot;1&quot;,&quot;speed&quot;:500,&quot;arrows&quot;:&quot;yes&quot;,&quot;pagination&quot;:&quot;bullets&quot;,&quot;image_spacing_custom&quot;:{&quot;unit&quot;:&quot;px&quot;,&quot;size&quot;:10,&quot;sizes&quot;:[]},&quot;image_spacing_custom_tablet&quot;:{&quot;unit&quot;:&quot;px&quot;,&quot;size&quot;:&quot;&quot;,&quot;sizes&quot;:[]},&quot;image_spacing_custom_mobile&quot;:{&quot;unit&quot;:&quot;px&quot;,&quot;size&quot;:&quot;&quot;,&quot;sizes&quot;:[]}}\" data-widget_type=\"nested-carousel.default\">\n\t\t\t\t<div class=\"elementor-widget-container\">\n\t\t\t\t\t\t\t<div class=\"e-n-carousel swiper\" role=\"region\" aria-roledescription=\"carousel\" aria-label=\"Carousel\" dir=\"ltr\">\n\t\t\t<div class=\"swiper-wrapper\" aria-live=\"polite\">\n\t\t\t\t\t\t\t\t\t\t<div class=\"swiper-slide\" data-slide=\"1\" role=\"group\" aria-roledescription=\"slide\" aria-label=\"1 of 5\">\n\t\t\t\t\t\t\t<div class=\"elementor-element elementor-element-5936ffa e-con-full e-flex e-con e-child\" data-id=\"5936ffa\" data-element_type=\"container\">\n\t\t\t\t<div class=\"elementor-element elementor-element-0fed1ee elementor-widget elementor-widget-video\" data-id=\"0fed1ee\" data-element_type=\"widget\" data-settings=\"{&quot;video_type&quot;:&quot;hosted&quot;,&quot;controls&quot;:&quot;yes&quot;}\" data-widget_type=\"video.default\">\n\t\t\t\t<div class=\"elementor-widget-container\">\n\t\t\t\t\t\t\t<div class=\"e-hosted-video elementor-wrapper elementor-open-inline\">\n\t\t\t\t\t<video class=\"elementor-video\" src=\"https:\/\/integratedlearning.co\/wp-content\/uploads\/2025\/11\/Testimonio-Santiago-Afanador.mp4\" controls=\"\" preload=\"metadata\" controlslist=\"nodownload\" poster=\"https:\/\/integratedlearning.co\/wp-content\/uploads\/2025\/11\/Santiago-3.png\"><\/video>\n\t\t\t\t<\/div>\n\t\t\t\t\t\t<\/div>\n\t\t\t\t<\/div>\n\t\t\t\t<\/div>\n\t\t\t\t\t\t\t\t<\/div>\n\t\t\t\t\t\t\t\t\t\t\t<div class=\"swiper-slide\" data-slide=\"2\" role=\"group\" aria-roledescription=\"slide\" aria-label=\"2 of 5\">\n\t\t\t\t\t\t\t<div class=\"elementor-element elementor-element-9a489d6 e-con-full e-flex e-con e-child\" data-id=\"9a489d6\" data-element_type=\"container\">\n\t\t\t\t<div class=\"elementor-element elementor-element-6255b36 elementor-widget elementor-widget-video\" data-id=\"6255b36\" data-element_type=\"widget\" data-settings=\"{&quot;video_type&quot;:&quot;hosted&quot;,&quot;controls&quot;:&quot;yes&quot;}\" data-widget_type=\"video.default\">\n\t\t\t\t<div class=\"elementor-widget-container\">\n\t\t\t\t\t\t\t<div class=\"e-hosted-video elementor-wrapper elementor-open-inline\">\n\t\t\t\t\t<video class=\"elementor-video\" src=\"https:\/\/integratedlearning.co\/wp-content\/uploads\/2025\/04\/Reel-catalina-Web.mp4\" controls=\"\" preload=\"metadata\" controlslist=\"nodownload\" poster=\"https:\/\/integratedlearning.co\/wp-content\/uploads\/2025\/04\/Calatina.webp\"><\/video>\n\t\t\t\t<\/div>\n\t\t\t\t\t\t<\/div>\n\t\t\t\t<\/div>\n\t\t\t\t<\/div>\n\t\t\t\t\t\t\t\t<\/div>\n\t\t\t\t\t\t\t\t\t\t\t<div class=\"swiper-slide\" data-slide=\"3\" role=\"group\" aria-roledescription=\"slide\" aria-label=\"3 of 5\">\n\t\t\t\t\t\t\t<div class=\"elementor-element elementor-element-1dcba61 e-con-full e-flex e-con e-child\" data-id=\"1dcba61\" data-element_type=\"container\">\n\t\t\t\t<div class=\"elementor-element elementor-element-0e844c9 elementor-widget elementor-widget-video\" data-id=\"0e844c9\" data-element_type=\"widget\" data-settings=\"{&quot;video_type&quot;:&quot;hosted&quot;,&quot;controls&quot;:&quot;yes&quot;}\" data-widget_type=\"video.default\">\n\t\t\t\t<div class=\"elementor-widget-container\">\n\t\t\t\t\t\t\t<div class=\"e-hosted-video elementor-wrapper elementor-open-inline\">\n\t\t\t\t\t<video class=\"elementor-video\" src=\"http:\/\/integratedlearning.co\/wp-content\/uploads\/2024\/12\/Reel-Sara-Melo-1.mp4\" controls=\"\" preload=\"metadata\" controlslist=\"nodownload\" poster=\"http:\/\/integratedlearning.co\/wp-content\/uploads\/2025\/01\/Captura-de-pantalla-2025-01-06-a-las-1.34.00\u202fp.-m.webp\"><\/video>\n\t\t\t\t<\/div>\n\t\t\t\t\t\t<\/div>\n\t\t\t\t<\/div>\n\t\t\t\t<\/div>\n\t\t\t\t\t\t\t\t<\/div>\n\t\t\t\t\t\t\t\t\t\t\t<div class=\"swiper-slide\" data-slide=\"4\" role=\"group\" aria-roledescription=\"slide\" aria-label=\"4 of 5\">\n\t\t\t\t\t\t\t<div class=\"elementor-element elementor-element-7e5f90b e-flex e-con-boxed e-con e-child\" data-id=\"7e5f90b\" data-element_type=\"container\">\n\t\t\t\t\t<div class=\"e-con-inner\">\n\t\t\t\t<div class=\"elementor-element elementor-element-f20a29d elementor-widget elementor-widget-video\" data-id=\"f20a29d\" data-element_type=\"widget\" data-settings=\"{&quot;video_type&quot;:&quot;hosted&quot;,&quot;controls&quot;:&quot;yes&quot;}\" data-widget_type=\"video.default\">\n\t\t\t\t<div class=\"elementor-widget-container\">\n\t\t\t\t\t\t\t<div class=\"e-hosted-video elementor-wrapper elementor-open-inline\">\n\t\t\t\t\t<video class=\"elementor-video\" src=\"http:\/\/integratedlearning.co\/wp-content\/uploads\/2024\/12\/Reel-Grado-Maria-Kamila-2024.mp4\" controls=\"\" preload=\"metadata\" controlslist=\"nodownload\" poster=\"http:\/\/integratedlearning.co\/wp-content\/uploads\/2025\/01\/Captura-de-pantalla-2025-01-06-a-las-1.38.56\u202fp.-m.webp\"><\/video>\n\t\t\t\t<\/div>\n\t\t\t\t\t\t<\/div>\n\t\t\t\t<\/div>\n\t\t\t\t\t<\/div>\n\t\t\t\t<\/div>\n\t\t\t\t\t\t\t\t<\/div>\n\t\t\t\t\t\t\t\t\t\t\t<div class=\"swiper-slide\" data-slide=\"5\" role=\"group\" aria-roledescription=\"slide\" aria-label=\"5 of 5\">\n\t\t\t\t\t\t\t<div class=\"elementor-element elementor-element-4f8bf45 e-flex e-con-boxed e-con e-child\" data-id=\"4f8bf45\" data-element_type=\"container\">\n\t\t\t\t\t<div class=\"e-con-inner\">\n\t\t\t\t<div class=\"elementor-element elementor-element-adcc61a elementor-widget elementor-widget-video\" data-id=\"adcc61a\" data-element_type=\"widget\" data-settings=\"{&quot;video_type&quot;:&quot;hosted&quot;,&quot;controls&quot;:&quot;yes&quot;}\" data-widget_type=\"video.default\">\n\t\t\t\t<div class=\"elementor-widget-container\">\n\t\t\t\t\t\t\t<div class=\"e-hosted-video elementor-wrapper elementor-open-inline\">\n\t\t\t\t\t<video class=\"elementor-video\" src=\"http:\/\/integratedlearning.co\/wp-content\/uploads\/2025\/01\/Reel-padres.mp4\" controls=\"\" preload=\"metadata\" controlslist=\"nodownload\" poster=\"http:\/\/integratedlearning.co\/wp-content\/uploads\/2025\/01\/Captura-de-pantalla-2025-01-10-a-las-9.57.56\u202fa.-m-1.webp\"><\/video>\n\t\t\t\t<\/div>\n\t\t\t\t\t\t<\/div>\n\t\t\t\t<\/div>\n\t\t\t\t\t<\/div>\n\t\t\t\t<\/div>\n\t\t\t\t\t\t\t\t<\/div>\n\t\t\t\t\t\t\t\t<\/div>\n\t\t<\/div>\n\t\t\t\t\t<div class=\"elementor-swiper-button elementor-swiper-button-prev\" role=\"button\" tabindex=\"0\" aria-label=\"Previous\">\n\t\t\t\t<i aria-hidden=\"true\" class=\"eicon-chevron-left\"><\/i>\t\t\t<\/div>\n\t\t\t<div class=\"elementor-swiper-button elementor-swiper-button-next\" role=\"button\" tabindex=\"0\" aria-label=\"Next\">\n\t\t\t\t<i aria-hidden=\"true\" class=\"eicon-chevron-right\"><\/i>\t\t\t<\/div>\n\t\t\t\t\t<div class=\"swiper-pagination\"><\/div>\n\t\t\t\t\t\t<\/div>\n\t\t\t\t<\/div>\n\t\t\t\t<\/div>\n\t\t\t\t\t<\/div>\n\t\t\t\t<\/div>\n\t\t<div class=\"elementor-element elementor-element-d9df8d8 e-flex e-con-boxed e-con e-parent\" data-id=\"d9df8d8\" data-element_type=\"container\">\n\t\t\t\t\t<div class=\"e-con-inner\">\n\t\t<div class=\"elementor-element elementor-element-4947b5f e-con-full e-flex e-con e-child\" data-id=\"4947b5f\" data-element_type=\"container\">\n\t\t<div class=\"elementor-element elementor-element-93910a0 e-con-full e-flex e-con e-child\" data-id=\"93910a0\" data-element_type=\"container\" data-settings=\"{&quot;background_background&quot;:&quot;classic&quot;}\">\n\t\t\t\t<div class=\"elementor-element elementor-element-03e61bb elementor-widget elementor-widget-gva-video-box\" data-id=\"03e61bb\" data-element_type=\"widget\" data-widget_type=\"gva-video-box.default\">\n\t\t\t\t<div class=\"elementor-widget-container\">\n\t\t\t\t\t<div class=\"gva-element-gva-video-box gva-element\">\r\n   \r\n            <div class=\"video-three__single\">\r\n         <div class=\"video-three__inner\">\r\n               \r\n            <div class=\"video-three__content\">\r\n               <div class=\"video-three__action\">\r\n                  <a href=\"https:\/\/www.youtube.com\/watch?v=5J3trvFLkF0\" class=\"popup-video\"><i class=\"fa fa-play\"><\/i><\/a>  \r\n               <\/div>   \r\n            <\/div>    \r\n         <\/div>\r\n      <\/div> \r\n        \r\n<\/div>\t\t\t\t<\/div>\n\t\t\t\t<\/div>\n\t\t\t\t<\/div>\n\t\t\t\t<\/div>\n\t\t<div class=\"elementor-element elementor-element-9e89ca1 e-con-full e-flex e-con e-child\" data-id=\"9e89ca1\" data-element_type=\"container\" data-settings=\"{&quot;background_background&quot;:&quot;classic&quot;}\">\n\t\t\t\t<div class=\"elementor-element elementor-element-1465f31 elementor-widget elementor-widget-gva-heading-block\" data-id=\"1465f31\" data-element_type=\"widget\" data-widget_type=\"gva-heading-block.default\">\n\t\t\t\t<div class=\"elementor-widget-container\">\n\t\t\t\t\t<div class=\"gva-element-gva-heading-block gva-element\">   <div class=\"align-left style-1 widget gsc-heading box-align-left auto-responsive\">\r\n      <div class=\"content-inner\">\r\n         \r\n                  \r\n         <div class=\"sub-title sub-1\"><span class=\"tagline\">Boletines<\/span><\/div>  \r\n         \r\n                     <h2 class=\"title\">\r\n               <span>Reciba nuestras notificaciones<\/span>\r\n            <\/h2>\r\n                  \r\n         \r\n         \r\n      <\/div>\r\n   <\/div>\r\n<\/div>\t\t\t\t<\/div>\n\t\t\t\t<\/div>\n\t\t\t\t<div class=\"elementor-element elementor-element-c3e2a29 elementor-icon-list--layout-inline elementor-list-item-link-full_width elementor-widget elementor-widget-icon-list\" data-id=\"c3e2a29\" data-element_type=\"widget\" data-widget_type=\"icon-list.default\">\n\t\t\t\t<div class=\"elementor-widget-container\">\n\t\t\t\t\t\t\t<ul class=\"elementor-icon-list-items elementor-inline-items\">\n\t\t\t\t\t\t\t<li class=\"elementor-icon-list-item elementor-inline-item\">\n\t\t\t\t\t\t\t\t\t\t\t<span class=\"elementor-icon-list-icon\">\n\t\t\t\t\t\t\t<i aria-hidden=\"true\" class=\"fas fa-check-circle\"><\/i>\t\t\t\t\t\t<\/span>\n\t\t\t\t\t\t\t\t\t\t<span class=\"elementor-icon-list-text\">Actualizaciones mensuales<\/span>\n\t\t\t\t\t\t\t\t\t<\/li>\n\t\t\t\t\t\t\t\t<li class=\"elementor-icon-list-item elementor-inline-item\">\n\t\t\t\t\t\t\t\t\t\t\t<span class=\"elementor-icon-list-icon\">\n\t\t\t\t\t\t\t<i aria-hidden=\"true\" class=\"fas fa-check-circle\"><\/i>\t\t\t\t\t\t<\/span>\n\t\t\t\t\t\t\t\t\t\t<span class=\"elementor-icon-list-text\">Actualizaciones peri\u00f3dicas<\/span>\n\t\t\t\t\t\t\t\t\t<\/li>\n\t\t\t\t\t\t<\/ul>\n\t\t\t\t\t\t<\/div>\n\t\t\t\t<\/div>\n\t\t\t\t<div class=\"elementor-element elementor-element-583abf1 elementor-widget elementor-widget-hubspot-form\" data-id=\"583abf1\" data-element_type=\"widget\" data-widget_type=\"hubspot-form.default\">\n\t\t\t\t<div class=\"elementor-widget-container\">\n\t\t\t\t\t\n\t\t\t\t\t\t<script>\n\t\t\t\t\t\t\twindow.hsFormsOnReady = window.hsFormsOnReady || [];\n\t\t\t\t\t\t\twindow.hsFormsOnReady.push(()=>{\n\t\t\t\t\t\t\t\thbspt.forms.create({\n\t\t\t\t\t\t\t\t\tportalId: 50917602,\n\t\t\t\t\t\t\t\t\tformId: \"899a84e3-2925-4a6f-bb29-7d116e6dc99a\",\n\t\t\t\t\t\t\t\t\ttarget: \"#hbspt-form-1776330955000-3043039190\",\n\t\t\t\t\t\t\t\t\tregion: \"na1\",\n\t\t\t\t\t\t\t\t\t\n\t\t\t\t\t\t\t})});\n\t\t\t\t\t\t<\/script>\n\t\t\t\t\t\t<div class=\"hbspt-form\" id=\"hbspt-form-1776330955000-3043039190\"><\/div>\t\t\t\t<\/div>\n\t\t\t\t<\/div>\n\t\t\t\t<\/div>\n\t\t\t\t\t<\/div>\n\t\t\t\t<\/div>\n\t\t\t\t<\/div>","protected":false},"excerpt":{"rendered":"<p>Testimonials What Happy Clients Say Explore the journeys of students who have engaged with our diverse educational programs, including the International High School Dual Diploma Program, AP Program, Career and College Prep Program, and Gaming Concepts Program. Their stories showcase remarkable academic achievements, personal growth, and exposure to new opportunities that have expanded their horizons. [&hellip;]<\/p>","protected":false},"author":1,"featured_media":0,"parent":0,"menu_order":0,"comment_status":"closed","ping_status":"closed","template":"","meta":{"content-type":"","footnotes":""},"class_list":["post-1182","page","type-page","status-publish","hentry"],"yoast_head":"<!-- This site is optimized with the Yoast SEO plugin v26.8 - https:\/\/yoast.com\/product\/yoast-seo-wordpress\/ -->\n<title>Testimonials - Integrated Learning<\/title>\n<meta name=\"robots\" content=\"index, follow, max-snippet:-1, max-image-preview:large, max-video-preview:-1\" \/>\n<link rel=\"canonical\" href=\"https:\/\/integratedlearning.co\/es\/testimonials\/\" \/>\n<meta property=\"og:locale\" content=\"es_ES\" \/>\n<meta property=\"og:type\" content=\"article\" \/>\n<meta property=\"og:title\" content=\"Testimonials - Integrated Learning\" \/>\n<meta property=\"og:description\" content=\"Testimonials What Happy Clients Say Explore the journeys of students who have engaged with our diverse educational programs, including the International High School Dual Diploma Program, AP Program, Career and College Prep Program, and Gaming Concepts Program. Their stories showcase remarkable academic achievements, personal growth, and exposure to new opportunities that have expanded their horizons. [&hellip;]\" \/>\n<meta property=\"og:url\" content=\"https:\/\/integratedlearning.co\/es\/testimonials\/\" \/>\n<meta property=\"og:site_name\" content=\"Integrated Learning\" \/>\n<meta property=\"article:publisher\" content=\"https:\/\/www.facebook.com\/people\/Integrated-Learning\/100063964512559\/\" \/>\n<meta property=\"article:modified_time\" content=\"2026-01-23T14:37:13+00:00\" \/>\n<meta name=\"twitter:card\" content=\"summary_large_image\" \/>\n<meta name=\"twitter:label1\" content=\"Tiempo de lectura\" \/>\n\t<meta name=\"twitter:data1\" content=\"1 minuto\" \/>\n<script type=\"application\/ld+json\" class=\"yoast-schema-graph\">{\"@context\":\"https:\/\/schema.org\",\"@graph\":[{\"@type\":\"WebPage\",\"@id\":\"https:\/\/integratedlearning.co\/testimonials\/\",\"url\":\"https:\/\/integratedlearning.co\/testimonials\/\",\"name\":\"Testimonials - Integrated Learning\",\"isPartOf\":{\"@id\":\"https:\/\/integratedlearning.co\/#website\"},\"datePublished\":\"2024-12-16T22:51:30+00:00\",\"dateModified\":\"2026-01-23T14:37:13+00:00\",\"breadcrumb\":{\"@id\":\"https:\/\/integratedlearning.co\/testimonials\/#breadcrumb\"},\"inLanguage\":\"es-CO\",\"potentialAction\":[{\"@type\":\"ReadAction\",\"target\":[\"https:\/\/integratedlearning.co\/testimonials\/\"]}]},{\"@type\":\"BreadcrumbList\",\"@id\":\"https:\/\/integratedlearning.co\/testimonials\/#breadcrumb\",\"itemListElement\":[{\"@type\":\"ListItem\",\"position\":1,\"name\":\"Inicio\",\"item\":\"https:\/\/integratedlearning.co\/\"},{\"@type\":\"ListItem\",\"position\":2,\"name\":\"Testimonials\"}]},{\"@type\":\"WebSite\",\"@id\":\"https:\/\/integratedlearning.co\/#website\",\"url\":\"https:\/\/integratedlearning.co\/\",\"name\":\"Integrated Learning\",\"description\":\"Integrated Learning\",\"publisher\":{\"@id\":\"https:\/\/integratedlearning.co\/#organization\"},\"potentialAction\":[{\"@type\":\"SearchAction\",\"target\":{\"@type\":\"EntryPoint\",\"urlTemplate\":\"https:\/\/integratedlearning.co\/?s={search_term_string}\"},\"query-input\":{\"@type\":\"PropertyValueSpecification\",\"valueRequired\":true,\"valueName\":\"search_term_string\"}}],\"inLanguage\":\"es-CO\"},{\"@type\":\"Organization\",\"@id\":\"https:\/\/integratedlearning.co\/#organization\",\"name\":\"Integrated Learning\",\"url\":\"https:\/\/integratedlearning.co\/\",\"logo\":{\"@type\":\"ImageObject\",\"inLanguage\":\"es-CO\",\"@id\":\"https:\/\/integratedlearning.co\/#\/schema\/logo\/image\/\",\"url\":\"http:\/\/integratedlearning.co\/wp-content\/uploads\/2024\/12\/Logo-Integrated-learning-.png\",\"contentUrl\":\"http:\/\/integratedlearning.co\/wp-content\/uploads\/2024\/12\/Logo-Integrated-learning-.png\",\"width\":724,\"height\":250,\"caption\":\"Integrated Learning\"},\"image\":{\"@id\":\"https:\/\/integratedlearning.co\/#\/schema\/logo\/image\/\"},\"sameAs\":[\"https:\/\/www.facebook.com\/people\/Integrated-Learning\/100063964512559\/\"]}]}<\/script>\n<!-- \/ Yoast SEO plugin. -->","yoast_head_json":{"title":"Testimonials - Integrated Learning","robots":{"index":"index","follow":"follow","max-snippet":"max-snippet:-1","max-image-preview":"max-image-preview:large","max-video-preview":"max-video-preview:-1"},"canonical":"https:\/\/integratedlearning.co\/es\/testimonials\/","og_locale":"es_ES","og_type":"article","og_title":"Testimonials - Integrated Learning","og_description":"Testimonials What Happy Clients Say Explore the journeys of students who have engaged with our diverse educational programs, including the International High School Dual Diploma Program, AP Program, Career and College Prep Program, and Gaming Concepts Program. Their stories showcase remarkable academic achievements, personal growth, and exposure to new opportunities that have expanded their horizons. [&hellip;]","og_url":"https:\/\/integratedlearning.co\/es\/testimonials\/","og_site_name":"Integrated Learning","article_publisher":"https:\/\/www.facebook.com\/people\/Integrated-Learning\/100063964512559\/","article_modified_time":"2026-01-23T14:37:13+00:00","twitter_card":"summary_large_image","twitter_misc":{"Tiempo de lectura":"1 minuto"},"schema":{"@context":"https:\/\/schema.org","@graph":[{"@type":"WebPage","@id":"https:\/\/integratedlearning.co\/testimonials\/","url":"https:\/\/integratedlearning.co\/testimonials\/","name":"Testimonials - Integrated Learning","isPartOf":{"@id":"https:\/\/integratedlearning.co\/#website"},"datePublished":"2024-12-16T22:51:30+00:00","dateModified":"2026-01-23T14:37:13+00:00","breadcrumb":{"@id":"https:\/\/integratedlearning.co\/testimonials\/#breadcrumb"},"inLanguage":"es-CO","potentialAction":[{"@type":"ReadAction","target":["https:\/\/integratedlearning.co\/testimonials\/"]}]},{"@type":"BreadcrumbList","@id":"https:\/\/integratedlearning.co\/testimonials\/#breadcrumb","itemListElement":[{"@type":"ListItem","position":1,"name":"Inicio","item":"https:\/\/integratedlearning.co\/"},{"@type":"ListItem","position":2,"name":"Testimonials"}]},{"@type":"WebSite","@id":"https:\/\/integratedlearning.co\/#website","url":"https:\/\/integratedlearning.co\/","name":"Integrated Learning","description":"Integrated Learning","publisher":{"@id":"https:\/\/integratedlearning.co\/#organization"},"potentialAction":[{"@type":"SearchAction","target":{"@type":"EntryPoint","urlTemplate":"https:\/\/integratedlearning.co\/?s={search_term_string}"},"query-input":{"@type":"PropertyValueSpecification","valueRequired":true,"valueName":"search_term_string"}}],"inLanguage":"es-CO"},{"@type":"Organization","@id":"https:\/\/integratedlearning.co\/#organization","name":"Integrated Learning","url":"https:\/\/integratedlearning.co\/","logo":{"@type":"ImageObject","inLanguage":"es-CO","@id":"https:\/\/integratedlearning.co\/#\/schema\/logo\/image\/","url":"http:\/\/integratedlearning.co\/wp-content\/uploads\/2024\/12\/Logo-Integrated-learning-.png","contentUrl":"http:\/\/integratedlearning.co\/wp-content\/uploads\/2024\/12\/Logo-Integrated-learning-.png","width":724,"height":250,"caption":"Integrated Learning"},"image":{"@id":"https:\/\/integratedlearning.co\/#\/schema\/logo\/image\/"},"sameAs":["https:\/\/www.facebook.com\/people\/Integrated-Learning\/100063964512559\/"]}]}},"_links":{"self":[{"href":"https:\/\/integratedlearning.co\/es\/wp-json\/wp\/v2\/pages\/1182","targetHints":{"allow":["GET"]}}],"collection":[{"href":"https:\/\/integratedlearning.co\/es\/wp-json\/wp\/v2\/pages"}],"about":[{"href":"https:\/\/integratedlearning.co\/es\/wp-json\/wp\/v2\/types\/page"}],"author":[{"embeddable":true,"href":"https:\/\/integratedlearning.co\/es\/wp-json\/wp\/v2\/users\/1"}],"replies":[{"embeddable":true,"href":"https:\/\/integratedlearning.co\/es\/wp-json\/wp\/v2\/comments?post=1182"}],"version-history":[{"count":265,"href":"https:\/\/integratedlearning.co\/es\/wp-json\/wp\/v2\/pages\/1182\/revisions"}],"predecessor-version":[{"id":3195,"href":"https:\/\/integratedlearning.co\/es\/wp-json\/wp\/v2\/pages\/1182\/revisions\/3195"}],"wp:attachment":[{"href":"https:\/\/integratedlearning.co\/es\/wp-json\/wp\/v2\/media?parent=1182"}],"curies":[{"name":"wp","href":"https:\/\/api.w.org\/{rel}","templated":true}]}}